{"id":1102,"date":"2019-04-30T18:31:11","date_gmt":"2019-04-30T16:31:11","guid":{"rendered":"https:\/\/trasman.com\/day-night\/"},"modified":"2021-02-10T12:40:02","modified_gmt":"2021-02-10T11:40:02","slug":"day-night","status":"publish","type":"page","link":"https:\/\/trasman.com\/fr\/day-night\/","title":{"rendered":"Day &#038; Night"},"content":{"rendered":"<section class=\"l-section wpb_row height_auto\"><div class=\"l-section-h i-cf\"><div class=\"g-cols vc_row via_flex valign_top type_default stacking_default\"><div class=\"vc_col-sm-6 vc_hidden-sm vc_hidden-xs wpb_column vc_column_container\"><div class=\"vc_column-inner\"><div class=\"wpb_wrapper\"><div class=\"w-separator size_medium\"><\/div><div class=\"w-image align_left\"><div class=\"w-image-h\"><img decoding=\"async\" width=\"200\" height=\"113\" src=\"https:\/\/trasman.com\/wp-content\/uploads\/2019\/03\/daynight-640.png\" class=\"attachment-us_200_200 size-us_200_200\" alt=\"\" loading=\"lazy\" srcset=\"https:\/\/trasman.com\/wp-content\/uploads\/2019\/03\/daynight-640.png 640w, https:\/\/trasman.com\/wp-content\/uploads\/2019\/03\/daynight-640-300x169.png 300w, https:\/\/trasman.com\/wp-content\/uploads\/2019\/03\/daynight-640-500x281.png 500w\" sizes=\"auto, (max-width: 200px) 100vw, 200px\" \/><\/div><\/div><div class=\"w-separator size_medium\"><\/div><div class=\"wpb_text_column\"><div class=\"wpb_wrapper\"><p><strong><span style=\"font-size: 18pt;\">Collection Day&amp;Night<\/span><\/strong><\/p>\n<p><span style=\"font-size: 14pt;\">Compositions de salons modernes, meubles de t\u00e9l\u00e9vision, collections modulaires, buffets et tables.<\/span><\/p>\n<p><span style=\"font-size: 14pt;\">Un mobilier fonctionnel qui s&rsquo;adapte \u00e0 tout environnement.<\/span><\/p>\n<p><span style=\"font-size: 14pt;\">Mobilier de chambre \u00e0 coucher double pouvant r\u00e9pondre aux besoins des clients les plus exigeants.<\/span><\/p>\n<\/div><\/div><div class=\"w-separator size_medium\"><\/div><div class=\"w-btn-wrapper align_none\"><a class=\"w-btn us-btn-style_1 us_custom_6c9a0c76 icon_atright\" title=\"Solicitar cat\u00e1logo\" href=\"https:\/\/trasman.com\/fr\/solicitar-catalogo\/\"><span class=\"w-btn-label\">Demandez notre catalogue<\/span><i class=\"fas fa-angle-right\"><\/i><\/a><\/div><div class=\"w-separator size_small\"><\/div><div class=\"w-image align_left\"><div class=\"w-image-h\"><img decoding=\"async\" width=\"300\" height=\"227\" src=\"https:\/\/trasman.com\/wp-content\/uploads\/2021\/01\/catalogo-daynight-1-300x227.jpg\" class=\"attachment-medium size-medium\" alt=\"\" loading=\"lazy\" srcset=\"https:\/\/trasman.com\/wp-content\/uploads\/2021\/01\/catalogo-daynight-1-300x227.jpg 300w, https:\/\/trasman.com\/wp-content\/uploads\/2021\/01\/catalogo-daynight-1-500x379.jpg 500w, https:\/\/trasman.com\/wp-content\/uploads\/2021\/01\/catalogo-daynight-1-400x303.jpg 400w, https:\/\/trasman.com\/wp-content\/uploads\/2021\/01\/catalogo-daynight-1-200x152.jpg 200w, https:\/\/trasman.com\/wp-content\/uploads\/2021\/01\/catalogo-daynight-1.jpg 660w\" sizes=\"auto, (max-width: 300px) 100vw, 300px\" \/><\/div><\/div><div class=\"w-separator size_medium\"><\/div><\/div><\/div><\/div><div class=\"vc_col-sm-6 vc_hidden-sm vc_hidden-xs wpb_column vc_column_container\"><div class=\"vc_column-inner\"><div class=\"wpb_wrapper\"><div class=\"w-separator size_medium\"><\/div><div class=\"w-image align_none\"><div class=\"w-image-h\"><img decoding=\"async\" width=\"1280\" height=\"2017\" src=\"https:\/\/trasman.com\/wp-content\/uploads\/2019\/04\/nightday-1280-trasman.jpg\" class=\"attachment-full size-full\" alt=\"\" loading=\"lazy\" srcset=\"https:\/\/trasman.com\/wp-content\/uploads\/2019\/04\/nightday-1280-trasman.jpg 1280w, https:\/\/trasman.com\/wp-content\/uploads\/2019\/04\/nightday-1280-trasman-190x300.jpg 190w, https:\/\/trasman.com\/wp-content\/uploads\/2019\/04\/nightday-1280-trasman-650x1024.jpg 650w, https:\/\/trasman.com\/wp-content\/uploads\/2019\/04\/nightday-1280-trasman-317x500.jpg 317w, https:\/\/trasman.com\/wp-content\/uploads\/2019\/04\/nightday-1280-trasman-254x400.jpg 254w, https:\/\/trasman.com\/wp-content\/uploads\/2019\/04\/nightday-1280-trasman-127x200.jpg 127w\" sizes=\"auto, (max-width: 1280px) 100vw, 1280px\" \/><\/div><\/div><div class=\"w-separator size_medium\"><\/div><\/div><\/div><\/div><\/div><\/div><\/section><section class=\"l-section wpb_row height_auto width_full\"><div class=\"l-section-h i-cf\"><div class=\"g-cols vc_row via_flex valign_top type_default stacking_default\"><div class=\"vc_col-sm-12 vc_hidden-lg vc_hidden-md wpb_column vc_column_container\"><div class=\"vc_column-inner\"><div class=\"wpb_wrapper\"><div class=\"w-image align_center\"><div class=\"w-image-h\"><img decoding=\"async\" width=\"1280\" height=\"619\" src=\"https:\/\/trasman.com\/wp-content\/uploads\/2019\/04\/mob-prod1-1.jpg\" class=\"attachment-full size-full\" alt=\"\" loading=\"lazy\" srcset=\"https:\/\/trasman.com\/wp-content\/uploads\/2019\/04\/mob-prod1-1.jpg 1280w, https:\/\/trasman.com\/wp-content\/uploads\/2019\/04\/mob-prod1-1-300x145.jpg 300w, https:\/\/trasman.com\/wp-content\/uploads\/2019\/04\/mob-prod1-1-1024x495.jpg 1024w, https:\/\/trasman.com\/wp-content\/uploads\/2019\/04\/mob-prod1-1-500x242.jpg 500w, https:\/\/trasman.com\/wp-content\/uploads\/2019\/04\/mob-prod1-1-400x193.jpg 400w, https:\/\/trasman.com\/wp-content\/uploads\/2019\/04\/mob-prod1-1-200x97.jpg 200w\" sizes=\"auto, (max-width: 1280px) 100vw, 1280px\" \/><\/div><\/div><\/div><\/div><\/div><\/div><\/div><\/section><section class=\"l-section wpb_row height_auto\"><div class=\"l-section-h i-cf\"><div class=\"g-cols vc_row via_flex valign_top type_default stacking_default\"><div class=\"vc_col-sm-12 vc_hidden-lg vc_hidden-md wpb_column vc_column_container\"><div class=\"vc_column-inner\"><div class=\"wpb_wrapper\"><div class=\"w-separator size_huge\"><\/div><div class=\"w-image align_center\"><div class=\"w-image-h\"><img decoding=\"async\" width=\"300\" height=\"169\" src=\"https:\/\/trasman.com\/wp-content\/uploads\/2019\/03\/daynight-640-300x169.png\" class=\"attachment-medium size-medium\" alt=\"\" loading=\"lazy\" srcset=\"https:\/\/trasman.com\/wp-content\/uploads\/2019\/03\/daynight-640-300x169.png 300w, https:\/\/trasman.com\/wp-content\/uploads\/2019\/03\/daynight-640-500x281.png 500w, https:\/\/trasman.com\/wp-content\/uploads\/2019\/03\/daynight-640.png 640w\" sizes=\"auto, (max-width: 300px) 100vw, 300px\" \/><\/div><\/div><div class=\"w-separator size_large\"><\/div><div class=\"wpb_text_column\"><div class=\"wpb_wrapper\"><p style=\"text-align: center;\"><strong><span style=\"font-size: 18pt;\">Collection Day&amp;Night<\/span><\/strong><\/p>\n<p style=\"text-align: center;\"><span style=\"font-size: 14pt;\">Compositions de salons modernes, meubles de t\u00e9l\u00e9vision, collections modulaires, buffets et tables.<\/span><\/p>\n<p style=\"text-align: center;\"><span style=\"font-size: 14pt;\">Un mobilier fonctionnel qui s&rsquo;adapte \u00e0 tout environnement.<\/span><\/p>\n<p style=\"text-align: center;\"><span style=\"font-size: 14pt;\">Mobilier de chambre \u00e0 coucher double pouvant r\u00e9pondre aux besoins des clients les plus exigeants.<\/span><\/p>\n<p>\u00a0<\/p>\n<\/div><\/div><div class=\"w-separator size_large\"><\/div><div class=\"w-btn-wrapper align_center\"><a class=\"w-btn us-btn-style_1 us_custom_6c9a0c76 icon_atright\" title=\"Solicitar cat\u00e1logo\" href=\"https:\/\/trasman.com\/fr\/solicitar-catalogo\/\"><span class=\"w-btn-label\">Demandez notre catalogue<\/span><i class=\"fas fa-angle-right\"><\/i><\/a><\/div><div class=\"w-separator size_small\"><\/div><div class=\"w-image align_center\"><div class=\"w-image-h\"><img decoding=\"async\" width=\"300\" height=\"227\" src=\"https:\/\/trasman.com\/wp-content\/uploads\/2021\/01\/catalogo-daynight-1-300x227.jpg\" class=\"attachment-medium size-medium\" alt=\"\" loading=\"lazy\" srcset=\"https:\/\/trasman.com\/wp-content\/uploads\/2021\/01\/catalogo-daynight-1-300x227.jpg 300w, https:\/\/trasman.com\/wp-content\/uploads\/2021\/01\/catalogo-daynight-1-500x379.jpg 500w, https:\/\/trasman.com\/wp-content\/uploads\/2021\/01\/catalogo-daynight-1-400x303.jpg 400w, https:\/\/trasman.com\/wp-content\/uploads\/2021\/01\/catalogo-daynight-1-200x152.jpg 200w, https:\/\/trasman.com\/wp-content\/uploads\/2021\/01\/catalogo-daynight-1.jpg 660w\" sizes=\"auto, (max-width: 300px) 100vw, 300px\" \/><\/div><\/div><div class=\"w-separator size_large\"><\/div><\/div><\/div><\/div><\/div><\/div><\/section><section class=\"l-section wpb_row height_auto width_full\"><div class=\"l-section-h i-cf\"><div class=\"g-cols vc_row via_flex valign_top type_default stacking_default\"><div class=\"vc_col-sm-12 vc_hidden-lg vc_hidden-md wpb_column vc_column_container\"><div class=\"vc_column-inner\"><div class=\"wpb_wrapper\"><div class=\"w-image align_none\"><div class=\"w-image-h\"><img decoding=\"async\" width=\"1280\" height=\"1241\" src=\"https:\/\/trasman.com\/wp-content\/uploads\/2019\/04\/mob-prod1-2.jpg\" class=\"attachment-full size-full\" alt=\"\" loading=\"lazy\" srcset=\"https:\/\/trasman.com\/wp-content\/uploads\/2019\/04\/mob-prod1-2.jpg 1280w, https:\/\/trasman.com\/wp-content\/uploads\/2019\/04\/mob-prod1-2-300x291.jpg 300w, https:\/\/trasman.com\/wp-content\/uploads\/2019\/04\/mob-prod1-2-1024x993.jpg 1024w, https:\/\/trasman.com\/wp-content\/uploads\/2019\/04\/mob-prod1-2-500x485.jpg 500w, https:\/\/trasman.com\/wp-content\/uploads\/2019\/04\/mob-prod1-2-400x388.jpg 400w, https:\/\/trasman.com\/wp-content\/uploads\/2019\/04\/mob-prod1-2-30x30.jpg 30w, https:\/\/trasman.com\/wp-content\/uploads\/2019\/04\/mob-prod1-2-200x194.jpg 200w\" sizes=\"auto, (max-width: 1280px) 100vw, 1280px\" \/><\/div><\/div><\/div><\/div><\/div><\/div><\/div><\/section>\n","protected":false},"excerpt":{"rendered":"Collection Day&amp;Night Compositions de salons modernes, meubles de t\u00e9l\u00e9vision, collections modulaires, buffets et tables. Un mobilier fonctionnel qui s&rsquo;adapte \u00e0 tout environnement. Mobilier de chambre \u00e0 coucher double pouvant r\u00e9pondre aux besoins des clients les plus exigeants. Demandez notre catalogueCollection Day&amp;Night Compositions de salons modernes, meubles de t\u00e9l\u00e9vision, collections modulaires, buffets et tables. Un mobilier...","protected":false},"author":1,"featured_media":0,"parent":0,"menu_order":0,"comment_status":"closed","ping_status":"closed","template":"","meta":{"footnotes":""},"class_list":["post-1102","page","type-page","status-publish","hentry"],"aioseo_notices":[],"_links":{"self":[{"href":"https:\/\/trasman.com\/fr\/wp-json\/wp\/v2\/pages\/1102","targetHints":{"allow":["GET"]}}],"collection":[{"href":"https:\/\/trasman.com\/fr\/wp-json\/wp\/v2\/pages"}],"about":[{"href":"https:\/\/trasman.com\/fr\/wp-json\/wp\/v2\/types\/page"}],"author":[{"embeddable":true,"href":"https:\/\/trasman.com\/fr\/wp-json\/wp\/v2\/users\/1"}],"replies":[{"embeddable":true,"href":"https:\/\/trasman.com\/fr\/wp-json\/wp\/v2\/comments?post=1102"}],"version-history":[{"count":50,"href":"https:\/\/trasman.com\/fr\/wp-json\/wp\/v2\/pages\/1102\/revisions"}],"predecessor-version":[{"id":2164,"href":"https:\/\/trasman.com\/fr\/wp-json\/wp\/v2\/pages\/1102\/revisions\/2164"}],"wp:attachment":[{"href":"https:\/\/trasman.com\/fr\/wp-json\/wp\/v2\/media?parent=1102"}],"curies":[{"name":"wp","href":"https:\/\/api.w.org\/{rel}","templated":true}]}}