{"id":1449,"date":"2019-05-09T16:32:42","date_gmt":"2019-05-09T14:32:42","guid":{"rendered":"https:\/\/trasman.com\/kids\/"},"modified":"2021-02-10T18:17:56","modified_gmt":"2021-02-10T17:17:56","slug":"kids","status":"publish","type":"page","link":"https:\/\/trasman.com\/fr\/kids\/","title":{"rendered":"Kids"},"content":{"rendered":"<section class=\"l-section wpb_row height_auto\"><div class=\"l-section-h i-cf\"><div class=\"g-cols vc_row via_flex valign_top type_default stacking_default\"><div class=\"vc_col-sm-6 vc_hidden-sm vc_hidden-xs wpb_column vc_column_container\"><div class=\"vc_column-inner\"><div class=\"wpb_wrapper\"><div class=\"w-separator size_medium\"><\/div><div class=\"w-image align_left\"><div class=\"w-image-h\"><img decoding=\"async\" width=\"200\" height=\"79\" src=\"https:\/\/trasman.com\/wp-content\/uploads\/2019\/05\/kids-640b-200x79.png\" class=\"attachment-us_200_200 size-us_200_200\" alt=\"\" loading=\"lazy\" srcset=\"https:\/\/trasman.com\/wp-content\/uploads\/2019\/05\/kids-640b-200x79.png 200w, https:\/\/trasman.com\/wp-content\/uploads\/2019\/05\/kids-640b-300x119.png 300w, https:\/\/trasman.com\/wp-content\/uploads\/2019\/05\/kids-640b-500x198.png 500w, https:\/\/trasman.com\/wp-content\/uploads\/2019\/05\/kids-640b-400x159.png 400w, https:\/\/trasman.com\/wp-content\/uploads\/2019\/05\/kids-640b.png 640w\" sizes=\"auto, (max-width: 200px) 100vw, 200px\" \/><\/div><\/div><div class=\"w-separator size_medium\"><\/div><div class=\"wpb_text_column\"><div class=\"wpb_wrapper\"><p><strong><span style=\"font-size: 18pt;\">Collection Kids<\/span><\/strong><\/p>\n<p><span style=\"font-size: 14pt;\">Un mobilier moderne, pratique et fonctionnel pour les enfants.<\/span><\/p>\n<p><span style=\"font-size: 14pt;\">Toutes sortes de lits pour les plus jeunes, des lits superpos\u00e9s, des lits mezzanine, des lits de studio, ou des solutions \u00e0 trois lits.<\/span><\/p>\n<p><span style=\"font-size: 14pt;\">Des armoires, des commodes, des bureaux et toutes sortes d&rsquo;accessoires pour compl\u00e9ter une chambre de jeunes moderne.<\/span><\/p>\n<\/div><\/div><div class=\"w-separator size_medium\"><\/div><div class=\"w-btn-wrapper align_none\"><a class=\"w-btn us-btn-style_1 us_custom_6c9a0c76 icon_atright\" title=\"Solicitar cat\u00e1logo\" href=\"https:\/\/trasman.com\/fr\/solicitar-catalogo\/\"><span class=\"w-btn-label\">Demandez notre catalogue<\/span><i class=\"fas fa-angle-right\"><\/i><\/a><\/div><div class=\"w-separator size_small\"><\/div><div class=\"w-image align_left\"><div class=\"w-image-h\"><img decoding=\"async\" width=\"300\" height=\"227\" src=\"https:\/\/trasman.com\/wp-content\/uploads\/2021\/01\/catalogo-kids-300x227.jpg\" class=\"attachment-medium size-medium\" alt=\"\" loading=\"lazy\" srcset=\"https:\/\/trasman.com\/wp-content\/uploads\/2021\/01\/catalogo-kids-300x227.jpg 300w, https:\/\/trasman.com\/wp-content\/uploads\/2021\/01\/catalogo-kids-500x379.jpg 500w, https:\/\/trasman.com\/wp-content\/uploads\/2021\/01\/catalogo-kids-400x303.jpg 400w, https:\/\/trasman.com\/wp-content\/uploads\/2021\/01\/catalogo-kids-200x152.jpg 200w, https:\/\/trasman.com\/wp-content\/uploads\/2021\/01\/catalogo-kids.jpg 660w\" sizes=\"auto, (max-width: 300px) 100vw, 300px\" \/><\/div><\/div><div class=\"w-separator size_medium\"><\/div><\/div><\/div><\/div><div class=\"vc_col-sm-6 vc_hidden-sm vc_hidden-xs wpb_column vc_column_container\"><div class=\"vc_column-inner\"><div class=\"wpb_wrapper\"><div class=\"w-separator size_medium\"><\/div><div class=\"w-image align_none\"><div class=\"w-image-h\"><img decoding=\"async\" width=\"1280\" height=\"2017\" src=\"https:\/\/trasman.com\/wp-content\/uploads\/2019\/05\/kids-1280-trasman.jpg\" class=\"attachment-full size-full\" alt=\"\" loading=\"lazy\" srcset=\"https:\/\/trasman.com\/wp-content\/uploads\/2019\/05\/kids-1280-trasman.jpg 1280w, https:\/\/trasman.com\/wp-content\/uploads\/2019\/05\/kids-1280-trasman-190x300.jpg 190w, https:\/\/trasman.com\/wp-content\/uploads\/2019\/05\/kids-1280-trasman-650x1024.jpg 650w, https:\/\/trasman.com\/wp-content\/uploads\/2019\/05\/kids-1280-trasman-317x500.jpg 317w, https:\/\/trasman.com\/wp-content\/uploads\/2019\/05\/kids-1280-trasman-254x400.jpg 254w, https:\/\/trasman.com\/wp-content\/uploads\/2019\/05\/kids-1280-trasman-127x200.jpg 127w\" sizes=\"auto, (max-width: 1280px) 100vw, 1280px\" \/><\/div><\/div><div class=\"w-separator size_medium\"><\/div><\/div><\/div><\/div><\/div><\/div><\/section><section class=\"l-section wpb_row height_auto width_full\"><div class=\"l-section-h i-cf\"><div class=\"g-cols vc_row via_flex valign_top type_default stacking_default\"><div class=\"vc_col-sm-12 vc_hidden-lg vc_hidden-md wpb_column vc_column_container\"><div class=\"vc_column-inner\"><div class=\"wpb_wrapper\"><div class=\"w-image align_center\"><div class=\"w-image-h\"><img decoding=\"async\" width=\"1280\" height=\"619\" src=\"https:\/\/trasman.com\/wp-content\/uploads\/2019\/05\/mob-prod2-1.jpg\" class=\"attachment-full size-full\" alt=\"\" loading=\"lazy\" srcset=\"https:\/\/trasman.com\/wp-content\/uploads\/2019\/05\/mob-prod2-1.jpg 1280w, https:\/\/trasman.com\/wp-content\/uploads\/2019\/05\/mob-prod2-1-300x145.jpg 300w, https:\/\/trasman.com\/wp-content\/uploads\/2019\/05\/mob-prod2-1-1024x495.jpg 1024w, https:\/\/trasman.com\/wp-content\/uploads\/2019\/05\/mob-prod2-1-500x242.jpg 500w, https:\/\/trasman.com\/wp-content\/uploads\/2019\/05\/mob-prod2-1-400x193.jpg 400w, https:\/\/trasman.com\/wp-content\/uploads\/2019\/05\/mob-prod2-1-200x97.jpg 200w\" sizes=\"auto, (max-width: 1280px) 100vw, 1280px\" \/><\/div><\/div><\/div><\/div><\/div><\/div><\/div><\/section><section class=\"l-section wpb_row height_auto\"><div class=\"l-section-h i-cf\"><div class=\"g-cols vc_row via_flex valign_top type_default stacking_default\"><div class=\"vc_col-sm-12 vc_hidden-lg vc_hidden-md wpb_column vc_column_container\"><div class=\"vc_column-inner\"><div class=\"wpb_wrapper\"><div class=\"w-separator size_huge\"><\/div><div class=\"w-image align_center\"><div class=\"w-image-h\"><img decoding=\"async\" width=\"300\" height=\"119\" src=\"https:\/\/trasman.com\/wp-content\/uploads\/2019\/05\/kids-640b-300x119.png\" class=\"attachment-medium size-medium\" alt=\"\" loading=\"lazy\" srcset=\"https:\/\/trasman.com\/wp-content\/uploads\/2019\/05\/kids-640b-300x119.png 300w, https:\/\/trasman.com\/wp-content\/uploads\/2019\/05\/kids-640b-500x198.png 500w, https:\/\/trasman.com\/wp-content\/uploads\/2019\/05\/kids-640b-400x159.png 400w, https:\/\/trasman.com\/wp-content\/uploads\/2019\/05\/kids-640b-200x79.png 200w, https:\/\/trasman.com\/wp-content\/uploads\/2019\/05\/kids-640b.png 640w\" sizes=\"auto, (max-width: 300px) 100vw, 300px\" \/><\/div><\/div><div class=\"w-separator size_large\"><\/div><div class=\"wpb_text_column\"><div class=\"wpb_wrapper\"><p style=\"text-align: center;\"><strong><span style=\"font-size: 18pt;\">Collection Kids<\/span><\/strong><\/p>\n<p style=\"text-align: center;\"><span style=\"font-size: 14pt;\">Un mobilier moderne, pratique et fonctionnel pour les enfants.<\/span><\/p>\n<p style=\"text-align: center;\"><span style=\"font-size: 14pt;\">Toutes sortes de lits pour les plus jeunes, des lits superpos\u00e9s, des lits mezzanine, des lits de studio, ou des solutions \u00e0 trois lits.<\/span><\/p>\n<p style=\"text-align: center;\"><span style=\"font-size: 14pt;\">Des armoires, des commodes, des bureaux et toutes sortes d&rsquo;accessoires pour compl\u00e9ter une chambre de jeunes moderne<\/span><\/p>\n<\/div><\/div><div class=\"w-separator size_large\"><\/div><div class=\"w-btn-wrapper align_center\"><a class=\"w-btn us-btn-style_1 us_custom_6c9a0c76 icon_atright\" title=\"Solicitar cat\u00e1logo\" href=\"https:\/\/trasman.com\/fr\/solicitar-catalogo\/\"><span class=\"w-btn-label\">Demandez notre catalogue<\/span><i class=\"fas fa-angle-right\"><\/i><\/a><\/div><div class=\"w-separator size_small\"><\/div><div class=\"w-image align_center\"><div class=\"w-image-h\"><img decoding=\"async\" width=\"300\" height=\"227\" src=\"https:\/\/trasman.com\/wp-content\/uploads\/2021\/01\/catalogo-kids-300x227.jpg\" class=\"attachment-medium size-medium\" alt=\"\" loading=\"lazy\" srcset=\"https:\/\/trasman.com\/wp-content\/uploads\/2021\/01\/catalogo-kids-300x227.jpg 300w, https:\/\/trasman.com\/wp-content\/uploads\/2021\/01\/catalogo-kids-500x379.jpg 500w, https:\/\/trasman.com\/wp-content\/uploads\/2021\/01\/catalogo-kids-400x303.jpg 400w, https:\/\/trasman.com\/wp-content\/uploads\/2021\/01\/catalogo-kids-200x152.jpg 200w, https:\/\/trasman.com\/wp-content\/uploads\/2021\/01\/catalogo-kids.jpg 660w\" sizes=\"auto, (max-width: 300px) 100vw, 300px\" \/><\/div><\/div><div class=\"w-separator size_large\"><\/div><\/div><\/div><\/div><\/div><\/div><\/section><section class=\"l-section wpb_row height_auto width_full\"><div class=\"l-section-h i-cf\"><div class=\"g-cols vc_row via_flex valign_top type_default stacking_default\"><div class=\"vc_col-sm-12 vc_hidden-lg vc_hidden-md wpb_column vc_column_container\"><div class=\"vc_column-inner\"><div class=\"wpb_wrapper\"><div class=\"w-image align_none\"><div class=\"w-image-h\"><img decoding=\"async\" width=\"1280\" height=\"1241\" src=\"https:\/\/trasman.com\/wp-content\/uploads\/2019\/05\/mob-prod2-2.jpg\" class=\"attachment-full size-full\" alt=\"\" loading=\"lazy\" srcset=\"https:\/\/trasman.com\/wp-content\/uploads\/2019\/05\/mob-prod2-2.jpg 1280w, https:\/\/trasman.com\/wp-content\/uploads\/2019\/05\/mob-prod2-2-300x291.jpg 300w, https:\/\/trasman.com\/wp-content\/uploads\/2019\/05\/mob-prod2-2-1024x993.jpg 1024w, https:\/\/trasman.com\/wp-content\/uploads\/2019\/05\/mob-prod2-2-500x485.jpg 500w, https:\/\/trasman.com\/wp-content\/uploads\/2019\/05\/mob-prod2-2-400x388.jpg 400w, https:\/\/trasman.com\/wp-content\/uploads\/2019\/05\/mob-prod2-2-30x30.jpg 30w, https:\/\/trasman.com\/wp-content\/uploads\/2019\/05\/mob-prod2-2-200x194.jpg 200w\" sizes=\"auto, (max-width: 1280px) 100vw, 1280px\" \/><\/div><\/div><\/div><\/div><\/div><\/div><\/div><\/section>\n","protected":false},"excerpt":{"rendered":"Collection Kids Un mobilier moderne, pratique et fonctionnel pour les enfants. Toutes sortes de lits pour les plus jeunes, des lits superpos\u00e9s, des lits mezzanine, des lits de studio, ou des solutions \u00e0 trois lits. Des armoires, des commodes, des bureaux et toutes sortes d&rsquo;accessoires pour compl\u00e9ter une chambre de jeunes moderne. Demandez notre catalogueCollection...","protected":false},"author":1,"featured_media":0,"parent":0,"menu_order":0,"comment_status":"closed","ping_status":"closed","template":"","meta":{"footnotes":""},"class_list":["post-1449","page","type-page","status-publish","hentry"],"aioseo_notices":[],"_links":{"self":[{"href":"https:\/\/trasman.com\/fr\/wp-json\/wp\/v2\/pages\/1449","targetHints":{"allow":["GET"]}}],"collection":[{"href":"https:\/\/trasman.com\/fr\/wp-json\/wp\/v2\/pages"}],"about":[{"href":"https:\/\/trasman.com\/fr\/wp-json\/wp\/v2\/types\/page"}],"author":[{"embeddable":true,"href":"https:\/\/trasman.com\/fr\/wp-json\/wp\/v2\/users\/1"}],"replies":[{"embeddable":true,"href":"https:\/\/trasman.com\/fr\/wp-json\/wp\/v2\/comments?post=1449"}],"version-history":[{"count":14,"href":"https:\/\/trasman.com\/fr\/wp-json\/wp\/v2\/pages\/1449\/revisions"}],"predecessor-version":[{"id":2175,"href":"https:\/\/trasman.com\/fr\/wp-json\/wp\/v2\/pages\/1449\/revisions\/2175"}],"wp:attachment":[{"href":"https:\/\/trasman.com\/fr\/wp-json\/wp\/v2\/media?parent=1449"}],"curies":[{"name":"wp","href":"https:\/\/api.w.org\/{rel}","templated":true}]}}