{"id":1465,"date":"2019-05-09T16:44:27","date_gmt":"2019-05-09T14:44:27","guid":{"rendered":"https:\/\/trasman.com\/contract\/"},"modified":"2021-02-10T18:29:59","modified_gmt":"2021-02-10T17:29:59","slug":"contract","status":"publish","type":"page","link":"https:\/\/trasman.com\/fr\/contract\/","title":{"rendered":"Contract"},"content":{"rendered":"<section class=\"l-section wpb_row height_auto\"><div class=\"l-section-h i-cf\"><div class=\"g-cols vc_row via_flex valign_top type_default stacking_default\"><div class=\"vc_col-sm-6 vc_hidden-sm vc_hidden-xs wpb_column vc_column_container\"><div class=\"vc_column-inner\"><div class=\"wpb_wrapper\"><div class=\"w-separator size_medium\"><\/div><div class=\"w-image align_left\"><div class=\"w-image-h\"><img decoding=\"async\" width=\"200\" height=\"79\" src=\"https:\/\/trasman.com\/wp-content\/uploads\/2019\/05\/contract-640b-200x79.png\" class=\"attachment-us_200_200 size-us_200_200\" alt=\"\" loading=\"lazy\" srcset=\"https:\/\/trasman.com\/wp-content\/uploads\/2019\/05\/contract-640b-200x79.png 200w, https:\/\/trasman.com\/wp-content\/uploads\/2019\/05\/contract-640b-300x119.png 300w, https:\/\/trasman.com\/wp-content\/uploads\/2019\/05\/contract-640b-500x198.png 500w, https:\/\/trasman.com\/wp-content\/uploads\/2019\/05\/contract-640b-400x159.png 400w, https:\/\/trasman.com\/wp-content\/uploads\/2019\/05\/contract-640b.png 640w\" sizes=\"auto, (max-width: 200px) 100vw, 200px\" \/><\/div><\/div><div class=\"w-separator size_medium\"><\/div><div class=\"wpb_text_column\"><div class=\"wpb_wrapper\"><p><strong><span style=\"font-size: 18pt;\">Service Contract<\/span><\/strong><\/p>\n<p><span style=\"font-size: 14pt;\">Projets globaux d&rsquo;ameublement.<\/span><\/p>\n<p><span style=\"font-size: 14pt;\">Conception, d\u00e9veloppement et production de projets pour des entreprises ou des professionnels (architectes, architectes d&rsquo;int\u00e9rieur, d\u00e9corateurs) du secteur public ou priv\u00e9.<\/span><\/p>\n<p><span style=\"font-size: 14pt;\">Complexes touristiques, \u00e9quipements commerciaux, mobilier pour collectivit\u00e9s, bureaux et autres locaux ou espaces \u00e0 usage collectif.<\/span><\/p>\n<\/div><\/div><div class=\"w-separator size_medium\"><\/div><div class=\"w-btn-wrapper align_none\"><a class=\"w-btn us-btn-style_1 us_custom_6c9a0c76 icon_atright\" title=\"Solicitar cat\u00e1logo\" href=\"https:\/\/trasman.com\/fr\/contacter\/\"><span class=\"w-btn-label\">Contactez-nous<\/span><i class=\"fas fa-angle-right\"><\/i><\/a><\/div><\/div><\/div><\/div><div class=\"vc_col-sm-6 vc_hidden-sm vc_hidden-xs wpb_column vc_column_container\"><div class=\"vc_column-inner\"><div class=\"wpb_wrapper\"><div class=\"w-separator size_medium\"><\/div><div class=\"w-image align_none\"><div class=\"w-image-h\"><img decoding=\"async\" width=\"1280\" height=\"1881\" src=\"https:\/\/trasman.com\/wp-content\/uploads\/2019\/05\/contract-1280-trasman.jpg\" class=\"attachment-full size-full\" alt=\"\" loading=\"lazy\" srcset=\"https:\/\/trasman.com\/wp-content\/uploads\/2019\/05\/contract-1280-trasman.jpg 1280w, https:\/\/trasman.com\/wp-content\/uploads\/2019\/05\/contract-1280-trasman-204x300.jpg 204w, https:\/\/trasman.com\/wp-content\/uploads\/2019\/05\/contract-1280-trasman-697x1024.jpg 697w, https:\/\/trasman.com\/wp-content\/uploads\/2019\/05\/contract-1280-trasman-340x500.jpg 340w, https:\/\/trasman.com\/wp-content\/uploads\/2019\/05\/contract-1280-trasman-272x400.jpg 272w, https:\/\/trasman.com\/wp-content\/uploads\/2019\/05\/contract-1280-trasman-136x200.jpg 136w\" sizes=\"auto, (max-width: 1280px) 100vw, 1280px\" \/><\/div><\/div><div class=\"w-separator size_medium\"><\/div><\/div><\/div><\/div><\/div><\/div><\/section><section class=\"l-section wpb_row height_auto width_full\"><div class=\"l-section-h i-cf\"><div class=\"g-cols vc_row via_flex valign_top type_default stacking_default\"><div class=\"vc_col-sm-12 vc_hidden-lg vc_hidden-md wpb_column vc_column_container\"><div class=\"vc_column-inner\"><div class=\"wpb_wrapper\"><div class=\"w-image align_center\"><div class=\"w-image-h\"><img decoding=\"async\" width=\"1280\" height=\"619\" src=\"https:\/\/trasman.com\/wp-content\/uploads\/2019\/05\/mob-contract-1.jpg\" class=\"attachment-full size-full\" alt=\"\" loading=\"lazy\" srcset=\"https:\/\/trasman.com\/wp-content\/uploads\/2019\/05\/mob-contract-1.jpg 1280w, https:\/\/trasman.com\/wp-content\/uploads\/2019\/05\/mob-contract-1-300x145.jpg 300w, https:\/\/trasman.com\/wp-content\/uploads\/2019\/05\/mob-contract-1-1024x495.jpg 1024w, https:\/\/trasman.com\/wp-content\/uploads\/2019\/05\/mob-contract-1-500x242.jpg 500w, https:\/\/trasman.com\/wp-content\/uploads\/2019\/05\/mob-contract-1-400x193.jpg 400w, https:\/\/trasman.com\/wp-content\/uploads\/2019\/05\/mob-contract-1-200x97.jpg 200w\" sizes=\"auto, (max-width: 1280px) 100vw, 1280px\" \/><\/div><\/div><\/div><\/div><\/div><\/div><\/div><\/section><section class=\"l-section wpb_row height_auto\"><div class=\"l-section-h i-cf\"><div class=\"g-cols vc_row via_flex valign_top type_default stacking_default\"><div class=\"vc_col-sm-12 vc_hidden-lg vc_hidden-md wpb_column vc_column_container\"><div class=\"vc_column-inner\"><div class=\"wpb_wrapper\"><div class=\"w-separator size_huge\"><\/div><div class=\"w-image align_center\"><div class=\"w-image-h\"><img decoding=\"async\" width=\"300\" height=\"119\" src=\"https:\/\/trasman.com\/wp-content\/uploads\/2019\/05\/contract-640b-300x119.png\" class=\"attachment-medium size-medium\" alt=\"\" loading=\"lazy\" srcset=\"https:\/\/trasman.com\/wp-content\/uploads\/2019\/05\/contract-640b-300x119.png 300w, https:\/\/trasman.com\/wp-content\/uploads\/2019\/05\/contract-640b-500x198.png 500w, https:\/\/trasman.com\/wp-content\/uploads\/2019\/05\/contract-640b-400x159.png 400w, https:\/\/trasman.com\/wp-content\/uploads\/2019\/05\/contract-640b-200x79.png 200w, https:\/\/trasman.com\/wp-content\/uploads\/2019\/05\/contract-640b.png 640w\" sizes=\"auto, (max-width: 300px) 100vw, 300px\" \/><\/div><\/div><div class=\"w-separator size_large\"><\/div><div class=\"wpb_text_column\"><div class=\"wpb_wrapper\"><p style=\"text-align: center;\"><strong><span style=\"font-size: 18pt;\">Service Contract<\/span><\/strong><\/p>\n<p style=\"text-align: center;\"><span style=\"font-size: 14pt;\">Projets globaux d&rsquo;ameublement.<\/span><\/p>\n<p style=\"text-align: center;\"><span style=\"font-size: 14pt;\">Conception, d\u00e9veloppement et production de projets pour des entreprises ou des professionnels (architectes, architectes d&rsquo;int\u00e9rieur, d\u00e9corateurs) du secteur public ou priv\u00e9.<\/span><\/p>\n<p style=\"text-align: center;\"><span style=\"font-size: 14pt;\">Complexes touristiques, \u00e9quipements commerciaux, mobilier pour collectivit\u00e9s, bureaux et autres locaux ou espaces \u00e0 usage collectif.<\/span><\/p>\n<\/div><\/div><div class=\"w-separator size_large\"><\/div><div class=\"w-btn-wrapper align_center\"><a class=\"w-btn us-btn-style_1 us_custom_6c9a0c76 icon_atright\" title=\"Solicitar cat\u00e1logo\" href=\"https:\/\/trasman.com\/fr\/contacter\/\"><span class=\"w-btn-label\">Contactez-nous<\/span><i class=\"fas fa-angle-right\"><\/i><\/a><\/div><div class=\"w-separator size_large\"><\/div><\/div><\/div><\/div><\/div><\/div><\/section><section class=\"l-section wpb_row height_auto width_full\"><div class=\"l-section-h i-cf\"><div class=\"g-cols vc_row via_flex valign_top type_default stacking_default\"><div class=\"vc_col-sm-12 vc_hidden-lg vc_hidden-md wpb_column vc_column_container\"><div class=\"vc_column-inner\"><div class=\"wpb_wrapper\"><div class=\"w-image align_none\"><div class=\"w-image-h\"><img decoding=\"async\" width=\"1280\" height=\"885\" src=\"https:\/\/trasman.com\/wp-content\/uploads\/2019\/05\/mob-contract-2.jpg\" class=\"attachment-full size-full\" alt=\"\" loading=\"lazy\" srcset=\"https:\/\/trasman.com\/wp-content\/uploads\/2019\/05\/mob-contract-2.jpg 1280w, https:\/\/trasman.com\/wp-content\/uploads\/2019\/05\/mob-contract-2-300x207.jpg 300w, https:\/\/trasman.com\/wp-content\/uploads\/2019\/05\/mob-contract-2-1024x708.jpg 1024w, https:\/\/trasman.com\/wp-content\/uploads\/2019\/05\/mob-contract-2-500x346.jpg 500w, https:\/\/trasman.com\/wp-content\/uploads\/2019\/05\/mob-contract-2-400x277.jpg 400w, https:\/\/trasman.com\/wp-content\/uploads\/2019\/05\/mob-contract-2-200x138.jpg 200w\" sizes=\"auto, (max-width: 1280px) 100vw, 1280px\" \/><\/div><\/div><\/div><\/div><\/div><\/div><\/div><\/section>\n","protected":false},"excerpt":{"rendered":"Service Contract Projets globaux d&rsquo;ameublement. Conception, d\u00e9veloppement et production de projets pour des entreprises ou des professionnels (architectes, architectes d&rsquo;int\u00e9rieur, d\u00e9corateurs) du secteur public ou priv\u00e9. Complexes touristiques, \u00e9quipements commerciaux, mobilier pour collectivit\u00e9s, bureaux et autres locaux ou espaces \u00e0 usage collectif. Contactez-nousService Contract Projets globaux d&rsquo;ameublement. Conception, d\u00e9veloppement et production de projets pour des...","protected":false},"author":1,"featured_media":0,"parent":0,"menu_order":0,"comment_status":"closed","ping_status":"closed","template":"","meta":{"footnotes":""},"class_list":["post-1465","page","type-page","status-publish","hentry"],"aioseo_notices":[],"_links":{"self":[{"href":"https:\/\/trasman.com\/fr\/wp-json\/wp\/v2\/pages\/1465","targetHints":{"allow":["GET"]}}],"collection":[{"href":"https:\/\/trasman.com\/fr\/wp-json\/wp\/v2\/pages"}],"about":[{"href":"https:\/\/trasman.com\/fr\/wp-json\/wp\/v2\/types\/page"}],"author":[{"embeddable":true,"href":"https:\/\/trasman.com\/fr\/wp-json\/wp\/v2\/users\/1"}],"replies":[{"embeddable":true,"href":"https:\/\/trasman.com\/fr\/wp-json\/wp\/v2\/comments?post=1465"}],"version-history":[{"count":12,"href":"https:\/\/trasman.com\/fr\/wp-json\/wp\/v2\/pages\/1465\/revisions"}],"predecessor-version":[{"id":2183,"href":"https:\/\/trasman.com\/fr\/wp-json\/wp\/v2\/pages\/1465\/revisions\/2183"}],"wp:attachment":[{"href":"https:\/\/trasman.com\/fr\/wp-json\/wp\/v2\/media?parent=1465"}],"curies":[{"name":"wp","href":"https:\/\/api.w.org\/{rel}","templated":true}]}}