{"id":1588,"date":"2019-05-09T18:12:50","date_gmt":"2019-05-09T16:12:50","guid":{"rendered":"https:\/\/trasman.com\/solicitar-catalogo\/"},"modified":"2021-02-10T18:37:47","modified_gmt":"2021-02-10T17:37:47","slug":"solicitar-catalogo","status":"publish","type":"page","link":"https:\/\/trasman.com\/fr\/solicitar-catalogo\/","title":{"rendered":"Solicitar cat\u00e1logo"},"content":{"rendered":"<section class=\"l-section wpb_row height_medium\"><div class=\"l-section-h i-cf\"><div class=\"g-cols vc_row via_flex valign_top type_default stacking_default\"><div class=\"vc_col-sm-3 wpb_column vc_column_container\"><div class=\"vc_column-inner\"><div class=\"wpb_wrapper\"><\/div><\/div><\/div><div class=\"vc_col-sm-6 wpb_column vc_column_container\"><div class=\"vc_column-inner\"><div class=\"wpb_wrapper\"><div class=\"wpb_text_column\"><div class=\"wpb_wrapper\"><p><strong><span style=\"font-size: 18pt;\">Demander le catalogue<br \/>\n<\/span><\/strong><\/p>\n<\/div><\/div><div class=\"w-separator size_small\"><\/div><form class=\"w-form  us-field-style_1 layout_ver show_message_after_sending for_cform us_form_1\" action=\"https:\/\/trasman.com\/fr\/wp-json\/wp\/v2\/pages\/1588\" method=\"post\"><div class=\"w-form-h\"><div class=\"w-form-row for_text required with_icon\">\r\n\t\t<div class=\"w-form-row-field\">\r\n\t\t\t\t<i class=\"fas fa-user\"><\/i>\t\t<input aria-label=\"Nom et pr\u00e9nom\" type=\"text\" name=\"us_form_1_text_1\" value placeholder=\"Nom et pr\u00e9nom *\" data-required=\"true\" aria-required=\"true\"\/>\r\n\t\t\t<\/div>\r\n\t\t<div class=\"w-form-row-state\">Vous devez remplir ce champ<\/div>\r\n<\/div>\r\n<div class=\"w-form-row for_text required with_icon\">\r\n\t\t<div class=\"w-form-row-field\">\r\n\t\t\t\t<i class=\"fas fa-building\"><\/i>\t\t<input aria-label=\"Entreprise\" type=\"text\" name=\"us_form_1_text_2\" value placeholder=\"Entreprise *\" data-required=\"true\" aria-required=\"true\"\/>\r\n\t\t\t<\/div>\r\n\t\t<div class=\"w-form-row-state\">Vous devez remplir ce champ<\/div>\r\n<\/div>\r\n<div class=\"w-form-row for_text required with_icon\">\r\n\t\t<div class=\"w-form-row-field\">\r\n\t\t\t\t<i class=\"fas fa-building\"><\/i>\t\t<input aria-label=\"Pays\" type=\"text\" name=\"us_form_1_text_3\" value placeholder=\"Pays *\" data-required=\"true\" aria-required=\"true\"\/>\r\n\t\t\t<\/div>\r\n\t\t<div class=\"w-form-row-state\">Vous devez remplir ce champ<\/div>\r\n<\/div>\r\n<div class=\"w-form-row for_email required with_icon\">\r\n\t\t<div class=\"w-form-row-field\">\r\n\t\t\t\t<i class=\"fas fa-envelope\"><\/i>\t\t<input aria-label=\"Adresse \u00e9lectronique \" type=\"email\" name=\"us_form_1_email_1\" value placeholder=\"Adresse \u00e9lectronique  *\" data-required=\"true\" aria-required=\"true\"\/>\r\n\t\t\t<\/div>\r\n\t\t<div class=\"w-form-row-state\">Veuillez saisir une adresse e-mail valide.<\/div>\r\n<\/div>\r\n<div class=\"w-form-row for_text required with_icon\">\r\n\t\t<div class=\"w-form-row-field\">\r\n\t\t\t\t<i class=\"fas fa-phone\"><\/i>\t\t<input aria-label=\"T\u00e9l\u00e9phone\" type=\"text\" name=\"us_form_1_text_4\" value placeholder=\"T\u00e9l\u00e9phone *\" data-required=\"true\" aria-required=\"true\"\/>\r\n\t\t\t<\/div>\r\n\t\t<div class=\"w-form-row-state\">Vous devez remplir ce champ<\/div>\r\n<\/div>\r\n<div class=\"w-form-row for_textarea required with_icon\">\r\n\t\t<div class=\"w-form-row-field\">\r\n\t\t\t\t<i class=\"fas fa-comment\"><\/i>\t\t<textarea aria-label=\"Message\" name=\"us_form_1_textarea_1\" placeholder=\"Message *\" data-required=\"true\" aria-required=\"true\"><\/textarea>\r\n\t\t\t<\/div>\r\n\t\t<div class=\"w-form-row-state\">Vous devez remplir ce champ<\/div>\r\n<\/div>\r\n<div class=\"w-form-row for_radio has_label\">\r\n\t\t\t<div class=\"w-form-row-label\">\r\n\t\t\t<span>Motif de l'enqu\u00eate:<\/span>\r\n\t\t<\/div>\r\n\t\t<div class=\"w-form-row-field\">\r\n\t\t\t\t\t<label>\r\n\t\t\t\t<input type=\"radio\" name=\"us_form_1_radio_1\" value=\"Vous souhaitez devenir distributeur\" checked='checked'\/>\r\n\t\t\t\t<span>Vous souhaitez devenir distributeur<\/span>\r\n\t\t\t<\/label>\r\n\t\t\t\t\t\t<label>\r\n\t\t\t\t<input type=\"radio\" name=\"us_form_1_radio_1\" value=\"O\u00f9 acheter nos produits\"\/>\r\n\t\t\t\t<span>O\u00f9 acheter nos produits<\/span>\r\n\t\t\t<\/label>\r\n\t\t\t\t\t\t<label>\r\n\t\t\t\t<input type=\"radio\" name=\"us_form_1_radio_1\" value=\"Autres\"\/>\r\n\t\t\t\t<span>Autres<\/span>\r\n\t\t\t<\/label>\r\n\t\t\t\t<\/div>\r\n\t\t<div class=\"w-form-row-state\">S\u00e9lectionner une option<\/div>\r\n<\/div>\r\n<div class=\"w-form-row for_checkboxes has_label required\">\r\n\t\t\t<div class=\"w-form-row-label\">\r\n\t\t\t<span>Quel catalogue voulez-vous <span class=\"required\">*<\/span><\/span>\r\n\t\t<\/div>\r\n\t\t<div class=\"w-form-row-field\">\r\n\t\t\t\t\t<label>\r\n\t\t\t\t<input type=\"checkbox\" name=\"us_form_1_checkboxes_1[]\" data-required=\"true\" value=\"Catalogue DAY &amp; NIGHT\"\/>\r\n\t\t\t\t<span>Catalogue DAY & NIGHT<\/span>\r\n\t\t\t<\/label>\r\n\t\t\t\t\t\t<label>\r\n\t\t\t\t<input type=\"checkbox\" name=\"us_form_1_checkboxes_1[]\" data-required=\"true\" value=\"Catalogue ECO +\"\/>\r\n\t\t\t\t<span>Catalogue ECO +<\/span>\r\n\t\t\t<\/label>\r\n\t\t\t\t\t\t<label>\r\n\t\t\t\t<input type=\"checkbox\" name=\"us_form_1_checkboxes_1[]\" data-required=\"true\" value=\"Catalogue KIDS\"\/>\r\n\t\t\t\t<span>Catalogue KIDS<\/span>\r\n\t\t\t<\/label>\r\n\t\t\t\t<\/div>\r\n\t\t<div class=\"w-form-row-state\">S\u00e9lectionner une option<\/div>\r\n<\/div>\r\n<div class=\"w-form-row for_agreement required\">\r\n\t\t<div class=\"w-form-row-field\">\r\n\t\t\t\t<label>\r\n\t\t\t<input type=\"checkbox\" value=\"1\" data-required=\"true\" aria-required=\"true\" name=\"us_form_1_agreement_1\"\/>\r\n\t\t\t<span>J'accepte l'utilisation des donn\u00e9es personnelles sp\u00e9cifi\u00e9es dans la <a href=\"https:\/\/trasman.cat\">politique d'utilisation et de confidentialit\u00e9<\/a>.<\/span>\r\n\t\t<\/label>\r\n\t\t\t<\/div>\r\n\t\t<div class=\"w-form-row-state\">Vous devez accepter les conditions pour continuer<\/div>\r\n<\/div>\r\n<input type=\"hidden\" name=\"action\" value=\"us_ajax_cform\" \/>\r\n<input type=\"hidden\" name=\"post_id\" value=\"0\" \/>\r\n<input type=\"hidden\" name=\"form_index\" value=\"1\" \/>\r\n<div class=\"w-form-row for_submit align_justify\" style=\"--btn-size-mobiles:100%;\">\r\n\t<button class=\"w-btn icon_atleft us-btn-style_1\" aria-label=\"Envoyer\" type=\"submit\" style=\"font-size:100%;\">\r\n\t\t<span class=\"g-preloader type_1\"><\/span>\r\n\t\t<i class=\"fas fa-envelope\"><\/i>\t\t<span class=\"w-btn-label\">Envoyer<\/span>\r\n\t\t\t<\/button>\r\n\t<\/div>\r\n<\/div><div class=\"w-form-message\"><\/div><div class=\"w-form-json hidden\" onclick='return {&quot;ajaxurl&quot;:&quot;https:\\\/\\\/trasman.com\\\/wp-admin\\\/admin-ajax.php&quot;,&quot;messages&quot;:{&quot;err_empty&quot;:&quot;Vous devez remplir ce champ&quot;,&quot;err_size&quot;:&quot;La taille du fichier ne peut pas d\\u00e9passer %s Mo&quot;,&quot;err_extension&quot;:&quot;Le type de fichier %s n&#039;est pas autoris\\u00e9&quot;,&quot;err_recaptcha_keys&quot;:&quot;Les cl\\u00e9s reCAPTCHA sont incorrectes&quot;}}'><\/div><\/form><\/div><\/div><\/div><div class=\"vc_col-sm-3 wpb_column vc_column_container\"><div class=\"vc_column-inner\"><div class=\"wpb_wrapper\"><\/div><\/div><\/div><\/div><\/div><\/section>\n","protected":false},"excerpt":{"rendered":"Demander le catalogue Vous devez remplir ce champ Vous devez remplir ce champ Vous devez remplir ce champ Veuillez saisir une adresse e-mail valide. Vous devez remplir ce champ Vous devez remplir ce champ Motif de l'enqu\u00eate: Vous souhaitez devenir distributeur O\u00f9 acheter nos produits Autres S\u00e9lectionner une option Quel catalogue voulez-vous * Catalogue DAY...","protected":false},"author":1,"featured_media":0,"parent":0,"menu_order":0,"comment_status":"closed","ping_status":"closed","template":"","meta":{"footnotes":""},"class_list":["post-1588","page","type-page","status-publish","hentry"],"aioseo_notices":[],"_links":{"self":[{"href":"https:\/\/trasman.com\/fr\/wp-json\/wp\/v2\/pages\/1588","targetHints":{"allow":["GET"]}}],"collection":[{"href":"https:\/\/trasman.com\/fr\/wp-json\/wp\/v2\/pages"}],"about":[{"href":"https:\/\/trasman.com\/fr\/wp-json\/wp\/v2\/types\/page"}],"author":[{"embeddable":true,"href":"https:\/\/trasman.com\/fr\/wp-json\/wp\/v2\/users\/1"}],"replies":[{"embeddable":true,"href":"https:\/\/trasman.com\/fr\/wp-json\/wp\/v2\/comments?post=1588"}],"version-history":[{"count":17,"href":"https:\/\/trasman.com\/fr\/wp-json\/wp\/v2\/pages\/1588\/revisions"}],"predecessor-version":[{"id":2186,"href":"https:\/\/trasman.com\/fr\/wp-json\/wp\/v2\/pages\/1588\/revisions\/2186"}],"wp:attachment":[{"href":"https:\/\/trasman.com\/fr\/wp-json\/wp\/v2\/media?parent=1588"}],"curies":[{"name":"wp","href":"https:\/\/api.w.org\/{rel}","templated":true}]}}