{"id":1932,"date":"2021-01-27T09:50:07","date_gmt":"2021-01-27T08:50:07","guid":{"rendered":"https:\/\/trasman.com\/nosotros\/"},"modified":"2021-02-22T09:12:26","modified_gmt":"2021-02-22T08:12:26","slug":"qui-sommes-nous","status":"publish","type":"page","link":"https:\/\/trasman.com\/fr\/qui-sommes-nous\/","title":{"rendered":"Qui sommes-nous"},"content":{"rendered":"<section class=\"l-section wpb_row height_medium\"><div class=\"l-section-h i-cf\"><div class=\"g-cols vc_row via_flex valign_top type_default stacking_default\"><div class=\"vc_col-sm-2 wpb_column vc_column_container\"><div class=\"vc_column-inner\"><div class=\"wpb_wrapper\"><\/div><\/div><\/div><div class=\"vc_col-sm-8 wpb_column vc_column_container\"><div class=\"vc_column-inner\"><div class=\"wpb_wrapper\"><div class=\"wpb_text_column us_custom_eb849559\"><div class=\"wpb_wrapper\"><p><strong><span style=\"font-size: 18pt;\">TRASMAN<\/span><\/strong><br \/>\n<strong><span style=\"font-size: 18pt;\">Notre histoire<br \/>\n<\/span><\/strong><\/p>\n<p><span style=\"font-size: 14pt;\">Notre fondateur, Eliseo Torrente, a d\u00e9fi\u00e9 le souhait de sa m\u00e8re de travailler dans le secteur bancaire, de suivre ses r\u00eaves et de cr\u00e9er son premier atelier de menuiserie en 1975 dans une vieille ferme reconvertie.<\/span><\/p>\n<p><span style=\"font-size: 14pt;\">Il a commenc\u00e9 par fabriquer des armoires de cuisine et des meubles de maison pour de grands projets. Quelques ann\u00e9es plus tard, il s&rsquo;est install\u00e9 dans une zone industrielle, o\u00f9 il a lanc\u00e9 la production en masse de meubles de maison, principalement pour de grandes cha\u00eenes europ\u00e9ennes de bricolage et d&rsquo;ameublement.<\/span><\/p>\n<p><span style=\"font-size: 14pt;\">Notre passion pour le d\u00e9veloppement de meubles modernes et de qualit\u00e9, avec la fonctionnalit\u00e9 comme objectif principal et un prix abordable, a \u00e9t\u00e9 maintenue et actuellement nos meubles sont export\u00e9s dans plus de 30 pays \u00e0 travers le monde.<\/span><\/p>\n<p><span style=\"font-size: 14pt;\">Vous voulez en savoir plus?<\/span><\/p>\n<\/div><\/div><div class=\"w-separator size_custom\" style=\"height:10px\"><\/div><div class=\"w-btn-wrapper align_center\"><a class=\"w-btn us-btn-style_1\" target=\"_blank\" rel=\"nofollow\" href=\"mailto:comercial@trasman.com\"><span class=\"w-btn-label\">\u00c9crivez-nous \u00e0 comercial@trasman.com<\/span><\/a><\/div><\/div><\/div><\/div><div class=\"vc_col-sm-2 wpb_column vc_column_container\"><div class=\"vc_column-inner\"><div class=\"wpb_wrapper\"><\/div><\/div><\/div><\/div><\/div><\/section><section class=\"l-section wpb_row us_custom_f029a2ba height_auto\"><div class=\"l-section-h i-cf\"><div class=\"g-cols vc_row via_flex valign_top type_default stacking_default\"><div class=\"vc_col-sm-4 wpb_column vc_column_container\"><div class=\"vc_column-inner\"><div class=\"wpb_wrapper\"><div class=\"w-image align_none\"><div class=\"w-image-h\"><img decoding=\"async\" width=\"500\" height=\"195\" src=\"https:\/\/trasman.com\/wp-content\/uploads\/2021\/01\/columna1-500x195.png\" class=\"attachment-us_500_500 size-us_500_500\" alt=\"\" loading=\"lazy\" srcset=\"https:\/\/trasman.com\/wp-content\/uploads\/2021\/01\/columna1-500x195.png 500w, https:\/\/trasman.com\/wp-content\/uploads\/2021\/01\/columna1-300x117.png 300w, https:\/\/trasman.com\/wp-content\/uploads\/2021\/01\/columna1-400x156.png 400w, https:\/\/trasman.com\/wp-content\/uploads\/2021\/01\/columna1-200x78.png 200w, https:\/\/trasman.com\/wp-content\/uploads\/2021\/01\/columna1.png 640w\" sizes=\"auto, (max-width: 500px) 100vw, 500px\" \/><\/div><\/div><div class=\"wpb_text_column us_custom_771cfa3e\"><div class=\"wpb_wrapper\"><p><span style=\"font-size: 14pt;\">Nous concevons et fabriquons les meubles dans notre propre usine situ\u00e9e dans la province de Barcelone.<\/span><\/p>\n<\/div><\/div><\/div><\/div><\/div><div class=\"vc_col-sm-4 wpb_column vc_column_container\"><div class=\"vc_column-inner\"><div class=\"wpb_wrapper\"><div class=\"w-image align_none\"><div class=\"w-image-h\"><img decoding=\"async\" width=\"500\" height=\"195\" src=\"https:\/\/trasman.com\/wp-content\/uploads\/2021\/02\/columna2-500x195-FR.png\" class=\"attachment-us_500_500 size-us_500_500\" alt=\"\" loading=\"lazy\" srcset=\"https:\/\/trasman.com\/wp-content\/uploads\/2021\/02\/columna2-500x195-FR.png 500w, https:\/\/trasman.com\/wp-content\/uploads\/2021\/02\/columna2-500x195-FR-300x117.png 300w, https:\/\/trasman.com\/wp-content\/uploads\/2021\/02\/columna2-500x195-FR-400x156.png 400w, https:\/\/trasman.com\/wp-content\/uploads\/2021\/02\/columna2-500x195-FR-200x78.png 200w\" sizes=\"auto, (max-width: 500px) 100vw, 500px\" \/><\/div><\/div><div class=\"wpb_text_column us_custom_771cfa3e\"><div class=\"wpb_wrapper\"><p><span style=\"font-size: 14pt;\">\u00c9quilibre entre le contr\u00f4le de la qualit\u00e9 des mati\u00e8res premi\u00e8res, le soin apport\u00e9 aux processus de d\u00e9veloppement et de production et le service \u00e0 nos clients.<\/span><\/p>\n<\/div><\/div><\/div><\/div><\/div><div class=\"vc_col-sm-4 wpb_column vc_column_container\"><div class=\"vc_column-inner\"><div class=\"wpb_wrapper\"><div class=\"w-image align_none\"><div class=\"w-image-h\"><img decoding=\"async\" width=\"500\" height=\"195\" src=\"https:\/\/trasman.com\/wp-content\/uploads\/2021\/01\/columna3-500x195.png\" class=\"attachment-us_500_500 size-us_500_500\" alt=\"\" loading=\"lazy\" srcset=\"https:\/\/trasman.com\/wp-content\/uploads\/2021\/01\/columna3-500x195.png 500w, https:\/\/trasman.com\/wp-content\/uploads\/2021\/01\/columna3-300x117.png 300w, https:\/\/trasman.com\/wp-content\/uploads\/2021\/01\/columna3-400x156.png 400w, https:\/\/trasman.com\/wp-content\/uploads\/2021\/01\/columna3-200x78.png 200w, https:\/\/trasman.com\/wp-content\/uploads\/2021\/01\/columna3.png 640w\" sizes=\"auto, (max-width: 500px) 100vw, 500px\" \/><\/div><\/div><div class=\"wpb_text_column us_custom_771cfa3e\"><div class=\"wpb_wrapper\"><p><span style=\"font-size: 14pt;\">Engag\u00e9s envers l&rsquo;environnement et nos clients, c&rsquo;est pourquoi nous disposons de la meilleure technologie.<\/span><\/p>\n<\/div><\/div><\/div><\/div><\/div><\/div><\/div><\/section><section class=\"l-section wpb_row us_custom_821ea863 height_medium width_full\"><div class=\"l-section-h i-cf\"><div class=\"g-cols vc_row via_flex valign_top type_default stacking_default\"><div class=\"vc_col-sm-6 vc_hidden-sm vc_hidden-xs wpb_column vc_column_container\"><div class=\"vc_column-inner us_custom_821ea863\"><div class=\"wpb_wrapper\"><div class=\"w-image align_none\"><div class=\"w-image-h\"><img decoding=\"async\" width=\"1277\" height=\"623\" src=\"https:\/\/trasman.com\/wp-content\/uploads\/2021\/01\/trasman-nosotros-1.jpg\" class=\"attachment-full size-full\" alt=\"\" loading=\"lazy\" srcset=\"https:\/\/trasman.com\/wp-content\/uploads\/2021\/01\/trasman-nosotros-1.jpg 1277w, https:\/\/trasman.com\/wp-content\/uploads\/2021\/01\/trasman-nosotros-1-300x146.jpg 300w, https:\/\/trasman.com\/wp-content\/uploads\/2021\/01\/trasman-nosotros-1-1024x500.jpg 1024w, https:\/\/trasman.com\/wp-content\/uploads\/2021\/01\/trasman-nosotros-1-500x244.jpg 500w, https:\/\/trasman.com\/wp-content\/uploads\/2021\/01\/trasman-nosotros-1-400x195.jpg 400w, https:\/\/trasman.com\/wp-content\/uploads\/2021\/01\/trasman-nosotros-1-200x98.jpg 200w\" sizes=\"auto, (max-width: 1277px) 100vw, 1277px\" \/><\/div><\/div><\/div><\/div><\/div><div class=\"vc_col-sm-6 vc_hidden-sm vc_hidden-xs wpb_column vc_column_container\"><div class=\"vc_column-inner us_custom_821ea863\"><div class=\"wpb_wrapper\"><div class=\"w-image align_none\"><div class=\"w-image-h\"><img decoding=\"async\" width=\"1277\" height=\"623\" src=\"https:\/\/trasman.com\/wp-content\/uploads\/2021\/01\/trasman-nosotros-2.jpg\" class=\"attachment-full size-full\" alt=\"\" loading=\"lazy\" srcset=\"https:\/\/trasman.com\/wp-content\/uploads\/2021\/01\/trasman-nosotros-2.jpg 1277w, https:\/\/trasman.com\/wp-content\/uploads\/2021\/01\/trasman-nosotros-2-300x146.jpg 300w, https:\/\/trasman.com\/wp-content\/uploads\/2021\/01\/trasman-nosotros-2-1024x500.jpg 1024w, https:\/\/trasman.com\/wp-content\/uploads\/2021\/01\/trasman-nosotros-2-500x244.jpg 500w, https:\/\/trasman.com\/wp-content\/uploads\/2021\/01\/trasman-nosotros-2-400x195.jpg 400w, https:\/\/trasman.com\/wp-content\/uploads\/2021\/01\/trasman-nosotros-2-200x98.jpg 200w\" sizes=\"auto, (max-width: 1277px) 100vw, 1277px\" \/><\/div><\/div><\/div><\/div><\/div><\/div><\/div><\/section><section class=\"l-section wpb_row height_auto\"><div class=\"l-section-h i-cf\"><div class=\"g-cols vc_row via_flex valign_top type_default stacking_default\"><div class=\"vc_col-sm-12 vc_hidden-lg vc_hidden-md wpb_column vc_column_container\"><div class=\"vc_column-inner us_custom_821ea863\"><div class=\"wpb_wrapper\"><div class=\"w-image align_none\"><div class=\"w-image-h\"><img decoding=\"async\" width=\"1277\" height=\"1245\" src=\"https:\/\/trasman.com\/wp-content\/uploads\/2021\/01\/trasman-nosotros-mobil.jpg\" class=\"attachment-full size-full\" alt=\"\" loading=\"lazy\" srcset=\"https:\/\/trasman.com\/wp-content\/uploads\/2021\/01\/trasman-nosotros-mobil.jpg 1277w, https:\/\/trasman.com\/wp-content\/uploads\/2021\/01\/trasman-nosotros-mobil-300x292.jpg 300w, https:\/\/trasman.com\/wp-content\/uploads\/2021\/01\/trasman-nosotros-mobil-1024x998.jpg 1024w, https:\/\/trasman.com\/wp-content\/uploads\/2021\/01\/trasman-nosotros-mobil-500x487.jpg 500w, https:\/\/trasman.com\/wp-content\/uploads\/2021\/01\/trasman-nosotros-mobil-400x390.jpg 400w, https:\/\/trasman.com\/wp-content\/uploads\/2021\/01\/trasman-nosotros-mobil-30x30.jpg 30w, https:\/\/trasman.com\/wp-content\/uploads\/2021\/01\/trasman-nosotros-mobil-200x195.jpg 200w\" sizes=\"auto, (max-width: 1277px) 100vw, 1277px\" \/><\/div><\/div><\/div><\/div><\/div><\/div><\/div><\/section><section class=\"l-section wpb_row height_auto\"><div class=\"l-section-h i-cf\"><div class=\"g-cols vc_row via_flex valign_top type_default stacking_default\"><div class=\"vc_col-sm-12 wpb_column vc_column_container\"><div class=\"vc_column-inner\"><div class=\"wpb_wrapper\"><div class=\"w-separator size_medium\"><\/div><\/div><\/div><\/div><\/div><\/div><\/section>\n","protected":false},"excerpt":{"rendered":"TRASMAN Notre histoire Notre fondateur, Eliseo Torrente, a d\u00e9fi\u00e9 le souhait de sa m\u00e8re de travailler dans le secteur bancaire, de suivre ses r\u00eaves et de cr\u00e9er son premier atelier de menuiserie en 1975 dans une vieille ferme reconvertie. Il a commenc\u00e9 par fabriquer des armoires de cuisine et des meubles de maison pour de...","protected":false},"author":1,"featured_media":0,"parent":0,"menu_order":0,"comment_status":"closed","ping_status":"closed","template":"","meta":{"footnotes":""},"class_list":["post-1932","page","type-page","status-publish","hentry"],"aioseo_notices":[],"_links":{"self":[{"href":"https:\/\/trasman.com\/fr\/wp-json\/wp\/v2\/pages\/1932","targetHints":{"allow":["GET"]}}],"collection":[{"href":"https:\/\/trasman.com\/fr\/wp-json\/wp\/v2\/pages"}],"about":[{"href":"https:\/\/trasman.com\/fr\/wp-json\/wp\/v2\/types\/page"}],"author":[{"embeddable":true,"href":"https:\/\/trasman.com\/fr\/wp-json\/wp\/v2\/users\/1"}],"replies":[{"embeddable":true,"href":"https:\/\/trasman.com\/fr\/wp-json\/wp\/v2\/comments?post=1932"}],"version-history":[{"count":25,"href":"https:\/\/trasman.com\/fr\/wp-json\/wp\/v2\/pages\/1932\/revisions"}],"predecessor-version":[{"id":2222,"href":"https:\/\/trasman.com\/fr\/wp-json\/wp\/v2\/pages\/1932\/revisions\/2222"}],"wp:attachment":[{"href":"https:\/\/trasman.com\/fr\/wp-json\/wp\/v2\/media?parent=1932"}],"curies":[{"name":"wp","href":"https:\/\/api.w.org\/{rel}","templated":true}]}}